{"id":796,"date":"2019-01-17T09:33:54","date_gmt":"2019-01-17T08:33:54","guid":{"rendered":"http:\/\/localhost\/www\/mythemes\/music\/?page_id=796"},"modified":"2020-09-15T22:07:18","modified_gmt":"2020-09-15T20:07:18","slug":"events","status":"publish","type":"page","link":"http:\/\/wp.ambarmusic.de\/en\/events\/","title":{"rendered":"Events"},"content":{"rendered":"<table style=\"height: 715px;\" width=\"579\">\n<tbody>\n<tr>\n<td width=\"113\">\n<h4><strong>Mar 21<\/strong><\/h4>\n<\/td>\n<td width=\"246\">\n<h4><strong>Ambar vivo en Alemania<\/strong><\/h4>\n<\/td>\n<td width=\"255\">\n<p>Stuttgart &#8211; La Gran Sala del Pueblo<\/p>\n<\/td>\n<\/tr>\n<tr>\n<td width=\"113\">\n<h4><strong>Mar 28<\/strong><\/h4>\n<\/td>\n<td width=\"246\">\n<h4><strong>Ambar vivo en Alemania<\/strong><\/h4>\n<\/td>\n<td width=\"255\">\n<p>Stuttgart &#8211; La Gran Sala del Pueblo<\/p>\n<\/td>\n<\/tr>\n<tr>\n<td width=\"113\">\n<h4><strong>Apr 25<\/strong><\/h4>\n<\/td>\n<td width=\"246\">\n<h4><strong>Quena conversaci\u00f3n \u00edntima<\/strong><\/h4>\n<\/td>\n<td width=\"255\">\n<p>El Gran Teatro<\/p>\n<\/td>\n<\/tr>\n<tr>\n<td width=\"113\">\n<h4><strong>May 23<\/strong><\/h4>\n<\/td>\n<td width=\"246\">\n<h4><strong>Zampo\u00f1a conversaci\u00f3n \u00edntima<\/strong><\/h4>\n<\/td>\n<td width=\"255\">\n<p>El Gran Teatro<\/p>\n<\/td>\n<\/tr>\n<tr>\n<td width=\"113\">\n<h4><strong>Jun 27<\/strong><\/h4>\n<\/td>\n<td width=\"246\">\n<h4><strong>Charango conversaci\u00f3n \u00edntima<\/strong><\/h4>\n<\/td>\n<td width=\"255\">\n<p>Mercedes Benz Arena<\/p>\n<\/td>\n<\/tr>\n<tr>\n<td width=\"113\">\n<h4><strong>Jul 25<\/strong><\/h4>\n<\/td>\n<td width=\"246\">\n<h4><strong>Piano conversaci\u00f3n \u00edntima<\/strong><\/h4>\n<\/td>\n<td width=\"255\">\n<p>Stuttgart \u2013 Gran Sala Blanca<\/p>\n<\/td>\n<\/tr>\n<\/tbody>\n<\/table>\n\n<table style=\"height: 715px;\" width=\"579\">\n<tbody>\n<tr>\n<td width=\"113\">\n<h4><strong>Oct 16<\/strong><\/h4>\n<\/td>\n<td width=\"246\">\n<h4><strong>Mi Quena rom\u00e1ntica en Alemania<\/strong><\/h4>\n<\/td>\n<td width=\"255\">\n<p>Stuttgart &#8211; La Gran Sala del Pueblo<\/p>\n<\/td>\n<\/tr>\n<tr>\n<td width=\"113\">\n<h4><strong>Oct 17<\/strong><\/h4>\n<\/td>\n<td width=\"246\">\n<h4><strong>Sikus vivo en Alemania<\/strong><\/h4>\n<\/td>\n<td width=\"255\">\n<p>Stuttgart &#8211; La Gran Sala del Pueblo<\/p>\n<\/td>\n<\/tr>\n<tr>\n<td width=\"113\">\n<h4><strong>Oct 23<\/strong><\/h4>\n<\/td>\n<td width=\"246\">\n<h4><strong>Quena son conversaci\u00f3n \u00edntima<\/strong><\/h4>\n<\/td>\n<td width=\"255\">\n<p>El Gran Teatro<\/p>\n<\/td>\n<\/tr>\n<tr>\n<td width=\"113\">\n<h4><strong>Oct 24<\/strong><\/h4>\n<\/td>\n<td width=\"246\">\n<h4><strong>Zampo\u00f1a conversaci\u00f3n \u00edntima<\/strong><\/h4>\n<\/td>\n<td width=\"255\">\n<p>El Gran Teatro<\/p>\n<\/td>\n<\/tr>\n<tr>\n<td width=\"113\">\n<h4><strong>Dic 11<\/strong><\/h4>\n<\/td>\n<td width=\"246\">\n<h4><strong>Quenacho conversaci\u00f3n \u00edntima<\/strong><\/h4>\n<\/td>\n<td width=\"255\">\n<p>Mercedes Benz Arena<\/p>\n<\/td>\n<\/tr>\n<tr>\n<td width=\"113\">\n<h4><strong>Dic 12<\/strong><\/h4>\n<\/td>\n<td width=\"246\">\n<h4><strong>Piano Festival \u00edntimo<\/strong><\/h4>\n<\/td>\n<td width=\"255\">\n<p>Stuttgart \u2013 Gran Sala Blanca<\/p>\n<\/td>\n<\/tr>\n<\/tbody>\n<\/table>\n\n\n<p>\u00bfQuieres estar al d\u00eda sobre todos los pr\u00f3ximos conciertos de Ambar? <\/p>\n\n\n\n<p>Env\u00eda un correo a:   ambar@web.de<\/p>\n","protected":false},"excerpt":{"rendered":"<p>Mar 21 Ambar vivo en Alemania Stuttgart &#8211; La Gran Sala del Pueblo Mar 28 Ambar vivo en Alemania Stuttgart [&hellip;]<\/p>\n","protected":false},"author":1,"featured_media":0,"parent":0,"menu_order":5,"comment_status":"closed","ping_status":"closed","template":"","meta":{"footnotes":""},"class_list":["post-796","page","type-page","status-publish","hentry"],"_links":{"self":[{"href":"http:\/\/wp.ambarmusic.de\/en\/wp-json\/wp\/v2\/pages\/796","targetHints":{"allow":["GET"]}}],"collection":[{"href":"http:\/\/wp.ambarmusic.de\/en\/wp-json\/wp\/v2\/pages"}],"about":[{"href":"http:\/\/wp.ambarmusic.de\/en\/wp-json\/wp\/v2\/types\/page"}],"author":[{"embeddable":true,"href":"http:\/\/wp.ambarmusic.de\/en\/wp-json\/wp\/v2\/users\/1"}],"replies":[{"embeddable":true,"href":"http:\/\/wp.ambarmusic.de\/en\/wp-json\/wp\/v2\/comments?post=796"}],"version-history":[{"count":15,"href":"http:\/\/wp.ambarmusic.de\/en\/wp-json\/wp\/v2\/pages\/796\/revisions"}],"predecessor-version":[{"id":1460,"href":"http:\/\/wp.ambarmusic.de\/en\/wp-json\/wp\/v2\/pages\/796\/revisions\/1460"}],"wp:attachment":[{"href":"http:\/\/wp.ambarmusic.de\/en\/wp-json\/wp\/v2\/media?parent=796"}],"curies":[{"name":"wp","href":"https:\/\/api.w.org\/{rel}","templated":true}]}}